{"id":28,"date":"2022-03-20T14:40:47","date_gmt":"2022-03-20T14:40:47","guid":{"rendered":"https:\/\/superevolucao.com\/score\/?page_id=28"},"modified":"2023-07-02T21:05:16","modified_gmt":"2023-07-02T21:05:16","slug":"home","status":"publish","type":"page","link":"https:\/\/superevolucao.com\/score\/","title":{"rendered":"HOME"},"content":{"rendered":"<style>\/*! elementor - v3.14.0 - 26-06-2023 *\/\n.elementor-widget-image{text-align:center}.elementor-widget-image a{display:inline-block}.elementor-widget-image a img[src$=\".svg\"]{width:48px}.elementor-widget-image img{vertical-align:middle;display:inline-block}<\/style>\n<p>\t\t\t\t\t\t\t\t\t\t\t\t<img decoding=\"async\" width=\"1024\" height=\"857\" src=\"https:\/\/superevolucao.com\/score\/wp-content\/uploads\/2022\/03\/Logo-1-sem-fundo-1024x857.png\" alt=\"\" loading=\"lazy\" srcset=\"https:\/\/superevolucao.com\/score\/wp-content\/uploads\/2022\/03\/Logo-1-sem-fundo-1024x857.png 1024w, https:\/\/superevolucao.com\/score\/wp-content\/uploads\/2022\/03\/Logo-1-sem-fundo-300x251.png 300w, https:\/\/superevolucao.com\/score\/wp-content\/uploads\/2022\/03\/Logo-1-sem-fundo-768x643.png 768w, https:\/\/superevolucao.com\/score\/wp-content\/uploads\/2022\/03\/Logo-1-sem-fundo.png 1500w\" sizes=\"auto, (max-width: 1024px) 100vw, 1024px\" \/>\t\t\t\t\t\t\t\t\t\t\t\t\t\t\t<\/p>\n<p>N\u00e3o existe atalho para <strong>aumentar seu Score<\/strong>! Conhe\u00e7a a verdadeira forma de &nbsp;<strong>Aumentar Seu Score <\/strong>&nbsp;e <strong>conseguir cr\u00e9dito<\/strong> em qualquer banco!<\/p>\n<p>https:\/\/www.youtube.com\/watch?v=x0wytx6uUxk\n\t\t\t<link rel=\"stylesheet\" href=\"https:\/\/superevolucao.com\/score\/wp-content\/plugins\/elementor\/assets\/css\/widget-icon-list.min.css\">\n<ul>\n<li>\n\t\t\t\t\t\t\t\t\t\tAten\u00e7\u00e3o: Certifique-se de ativar o som!\n\t\t\t\t\t\t\t\t\t<\/li>\n<\/ul>\n<p>\t\t\t<a href=\"https:\/\/go.perfectpay.com.br\/PPU38CKPC7E\"><br \/>\n\t\t\t\t\t\tOBTER ACESSO IMEDIATO<br \/>\n\t\t\t\t\t<\/a><\/p>\n<p>\u00a0ATEN\u00c7\u00c3O: ESTA OFERTA SE ENCERRA EM ALGUNS MINUTOS!\u00a0<\/p>\n<p>\t\t\t\t\t\t\t\t\t\t\t\t\t\t\t<img decoding=\"async\" width=\"1024\" height=\"857\" src=\"https:\/\/superevolucao.com\/score\/wp-content\/uploads\/2022\/03\/Logo-1-sem-fundo-1024x857.png\" alt=\"\" loading=\"lazy\" srcset=\"https:\/\/superevolucao.com\/score\/wp-content\/uploads\/2022\/03\/Logo-1-sem-fundo-1024x857.png 1024w, https:\/\/superevolucao.com\/score\/wp-content\/uploads\/2022\/03\/Logo-1-sem-fundo-300x251.png 300w, https:\/\/superevolucao.com\/score\/wp-content\/uploads\/2022\/03\/Logo-1-sem-fundo-768x643.png 768w, https:\/\/superevolucao.com\/score\/wp-content\/uploads\/2022\/03\/Logo-1-sem-fundo.png 1500w\" sizes=\"auto, (max-width: 1024px) 100vw, 1024px\" \/><br \/>\n\t\t\t\t\t\t\t\t\t\t\t\t\t\t\t<img decoding=\"async\" width=\"1024\" height=\"540\" src=\"https:\/\/superevolucao.com\/score\/wp-content\/uploads\/2022\/03\/Mockups-1024x540.png\" alt=\"\" loading=\"lazy\" srcset=\"https:\/\/superevolucao.com\/score\/wp-content\/uploads\/2022\/03\/Mockups-1024x540.png 1024w, https:\/\/superevolucao.com\/score\/wp-content\/uploads\/2022\/03\/Mockups-300x158.png 300w, https:\/\/superevolucao.com\/score\/wp-content\/uploads\/2022\/03\/Mockups-768x405.png 768w, https:\/\/superevolucao.com\/score\/wp-content\/uploads\/2022\/03\/Mockups.png 1518w\" sizes=\"auto, (max-width: 1024px) 100vw, 1024px\" \/><br \/>\n\t\t\t<a href=\"https:\/\/go.perfectpay.com.br\/PPU38CKPC7E\"><br \/>\n\t\t\t\t\t\tOBTER ACESSO IMEDIATO<br \/>\n\t\t\t\t\t<\/a><br \/>\n\t\t\t\t\t\t\t\t\t\t\t\t\t\t\t<img decoding=\"async\" width=\"1024\" height=\"94\" src=\"https:\/\/superevolucao.com\/score\/wp-content\/uploads\/2022\/03\/Compra-Segura-1024x94.png\" alt=\"\" loading=\"lazy\" srcset=\"https:\/\/superevolucao.com\/score\/wp-content\/uploads\/2022\/03\/Compra-Segura-1024x94.png 1024w, https:\/\/superevolucao.com\/score\/wp-content\/uploads\/2022\/03\/Compra-Segura-300x28.png 300w, https:\/\/superevolucao.com\/score\/wp-content\/uploads\/2022\/03\/Compra-Segura-768x71.png 768w, https:\/\/superevolucao.com\/score\/wp-content\/uploads\/2022\/03\/Compra-Segura.png 1099w\" sizes=\"auto, (max-width: 1024px) 100vw, 1024px\" \/>\t\t\t\t\t\t\t\t\t\t\t\t\t\t\t<\/p>\n<p>CONFIRA ABAIXO\u00a0 TUDO O QUE VOC\u00ca IR\u00c1 APRENDER:\u00a0<\/p>\n<p>\t\t\t\t\t\t\t\t\t\t\t\t\t\t\t<img decoding=\"async\" width=\"784\" height=\"1024\" src=\"https:\/\/superevolucao.com\/score\/wp-content\/uploads\/2022\/03\/E-book-Design-1-Aumente-Seu-Score-784x1024.png\" alt=\"\" loading=\"lazy\" srcset=\"https:\/\/superevolucao.com\/score\/wp-content\/uploads\/2022\/03\/E-book-Design-1-Aumente-Seu-Score-784x1024.png 784w, https:\/\/superevolucao.com\/score\/wp-content\/uploads\/2022\/03\/E-book-Design-1-Aumente-Seu-Score-230x300.png 230w, https:\/\/superevolucao.com\/score\/wp-content\/uploads\/2022\/03\/E-book-Design-1-Aumente-Seu-Score-768x1003.png 768w, https:\/\/superevolucao.com\/score\/wp-content\/uploads\/2022\/03\/E-book-Design-1-Aumente-Seu-Score.png 1146w\" sizes=\"auto, (max-width: 784px) 100vw, 784px\" \/><br \/>\n\t\t\t<a href=\"https:\/\/go.perfectpay.com.br\/PPU38CKPC7E\"><br \/>\n\t\t\t\t\t\tOBTER ACESSO IMEDIATO<br \/>\n\t\t\t\t\t<\/a><br \/>\n\t\t\t\t\t\t\t\t\t\t\t\t\t\t\t<img decoding=\"async\" width=\"1024\" height=\"94\" src=\"https:\/\/superevolucao.com\/score\/wp-content\/uploads\/2022\/03\/Compra-Segura-1024x94.png\" alt=\"\" loading=\"lazy\" srcset=\"https:\/\/superevolucao.com\/score\/wp-content\/uploads\/2022\/03\/Compra-Segura-1024x94.png 1024w, https:\/\/superevolucao.com\/score\/wp-content\/uploads\/2022\/03\/Compra-Segura-300x28.png 300w, https:\/\/superevolucao.com\/score\/wp-content\/uploads\/2022\/03\/Compra-Segura-768x71.png 768w, https:\/\/superevolucao.com\/score\/wp-content\/uploads\/2022\/03\/Compra-Segura.png 1099w\" sizes=\"auto, (max-width: 1024px) 100vw, 1024px\" \/>\t\t\t\t\t\t\t\t\t\t\t\t\t\t\t<\/p>\n<p>QUEM PRECISA DESTE\u00a0 GUIA PASSO-A-PASSO ?<\/p>\n<p>\t\t\t\t\t\t\t\t\t\t\t\t\t\t\t<img decoding=\"async\" width=\"1013\" height=\"1024\" src=\"https:\/\/superevolucao.com\/score\/wp-content\/uploads\/2022\/03\/Aumente-Seu-Score-1013x1024.png\" alt=\"\" loading=\"lazy\" srcset=\"https:\/\/superevolucao.com\/score\/wp-content\/uploads\/2022\/03\/Aumente-Seu-Score-1013x1024.png 1013w, https:\/\/superevolucao.com\/score\/wp-content\/uploads\/2022\/03\/Aumente-Seu-Score-297x300.png 297w, https:\/\/superevolucao.com\/score\/wp-content\/uploads\/2022\/03\/Aumente-Seu-Score-768x777.png 768w, https:\/\/superevolucao.com\/score\/wp-content\/uploads\/2022\/03\/Aumente-Seu-Score-1519x1536.png 1519w, https:\/\/superevolucao.com\/score\/wp-content\/uploads\/2022\/03\/Aumente-Seu-Score-2025x2048.png 2025w\" sizes=\"auto, (max-width: 1013px) 100vw, 1013px\" \/>\t\t\t\t\t\t\t\t\t\t\t\t\t\t\t<\/p>\n<p>Se voc\u00ea se identificou com pelo menos uma das situa\u00e7\u00f5es acima,\u00a0\u00a0clique no bot\u00e3o abaixo\u00a0\u00a0receba agora\u00a0\u00a0o e-book juntamente com os B\u00f4nus\u00a0 em seu E-mail.<\/p>\n<p>\t\t\t\t\t\t\t\t\t\t\t\t\t\t\t<img decoding=\"async\" width=\"1024\" height=\"540\" src=\"https:\/\/superevolucao.com\/score\/wp-content\/uploads\/2022\/03\/Mockups-1024x540.png\" alt=\"\" loading=\"lazy\" srcset=\"https:\/\/superevolucao.com\/score\/wp-content\/uploads\/2022\/03\/Mockups-1024x540.png 1024w, https:\/\/superevolucao.com\/score\/wp-content\/uploads\/2022\/03\/Mockups-300x158.png 300w, https:\/\/superevolucao.com\/score\/wp-content\/uploads\/2022\/03\/Mockups-768x405.png 768w, https:\/\/superevolucao.com\/score\/wp-content\/uploads\/2022\/03\/Mockups.png 1518w\" sizes=\"auto, (max-width: 1024px) 100vw, 1024px\" \/>\t\t\t\t\t\t\t\t\t\t\t\t\t\t\t<\/p>\n<p>O Guia vai em formato PDF e pode ser lido em qualquer lugar, voc\u00ea poder\u00e1 visualizar todo o conte\u00fado em seu celular, tablet ou computador.<\/p>\n<p>\u00a0Receba acesso instant\u00e2neo por apenas:\u00a0deR$ 147,99por R$<\/p>\n<p>47<\/p>\n<style>\/*! elementor - v3.14.0 - 26-06-2023 *\/\n.elementor-column .elementor-spacer-inner{height:var(--spacer-size)}.e-con{--container-widget-width:100%}.e-con-inner>.elementor-widget-spacer,.e-con>.elementor-widget-spacer{width:var(--container-widget-width,var(--spacer-size));--align-self:var(--container-widget-align-self,initial);--flex-shrink:0}.e-con-inner>.elementor-widget-spacer>.elementor-widget-container,.e-con-inner>.elementor-widget-spacer>.elementor-widget-container>.elementor-spacer,.e-con>.elementor-widget-spacer>.elementor-widget-container,.e-con>.elementor-widget-spacer>.elementor-widget-container>.elementor-spacer{height:100%}.e-con-inner>.elementor-widget-spacer>.elementor-widget-container>.elementor-spacer>.elementor-spacer-inner,.e-con>.elementor-widget-spacer>.elementor-widget-container>.elementor-spacer>.elementor-spacer-inner{height:var(--container-widget-height,var(--spacer-size))}<\/style>\n<p>,99<\/p>\n<p>\t\t\t<a href=\"https:\/\/go.perfectpay.com.br\/PPU38CKPC7E\"><br \/>\n\t\t\t\t\t\tOBTER ACESSO IMEDIATO<br \/>\n\t\t\t\t\t<\/a><br \/>\n\t\t\t\t\t\t\t\t\t\t\t\t\t\t\t<img decoding=\"async\" width=\"1024\" height=\"94\" src=\"https:\/\/superevolucao.com\/score\/wp-content\/uploads\/2022\/03\/Compra-Segura-1024x94.png\" alt=\"\" loading=\"lazy\" srcset=\"https:\/\/superevolucao.com\/score\/wp-content\/uploads\/2022\/03\/Compra-Segura-1024x94.png 1024w, https:\/\/superevolucao.com\/score\/wp-content\/uploads\/2022\/03\/Compra-Segura-300x28.png 300w, https:\/\/superevolucao.com\/score\/wp-content\/uploads\/2022\/03\/Compra-Segura-768x71.png 768w, https:\/\/superevolucao.com\/score\/wp-content\/uploads\/2022\/03\/Compra-Segura.png 1099w\" sizes=\"auto, (max-width: 1024px) 100vw, 1024px\" \/><br \/>\n\t\tAproveite esta oportunidade agora mesmo e receba de brinde esses \u00a0B\u00f4nus Incr\u00edveis:\u00a0<br \/>\n\t\t\t\t\t\t\t\t\t\t\t\t\t\t\t<img decoding=\"async\" width=\"932\" height=\"1024\" src=\"https:\/\/superevolucao.com\/score\/wp-content\/uploads\/2022\/03\/Checklist-Design-2-Aumente-Seu-Score-1-1-932x1024.png\" alt=\"\" loading=\"lazy\" srcset=\"https:\/\/superevolucao.com\/score\/wp-content\/uploads\/2022\/03\/Checklist-Design-2-Aumente-Seu-Score-1-1-932x1024.png 932w, https:\/\/superevolucao.com\/score\/wp-content\/uploads\/2022\/03\/Checklist-Design-2-Aumente-Seu-Score-1-1-273x300.png 273w, https:\/\/superevolucao.com\/score\/wp-content\/uploads\/2022\/03\/Checklist-Design-2-Aumente-Seu-Score-1-1-768x843.png 768w, https:\/\/superevolucao.com\/score\/wp-content\/uploads\/2022\/03\/Checklist-Design-2-Aumente-Seu-Score-1-1.png 1242w\" sizes=\"auto, (max-width: 932px) 100vw, 932px\" \/><br \/>\n\t\t\u00a0B\u00f4nus #1\u00a0Checklist &#8211; Aumente Seu Score<\/p>\n<p>Este Checklist \u00e9 uma ferramenta pr\u00e1tica que ir\u00e1 te orientar com etapas f\u00e1ceis para voc\u00ea dominar o processo e manter todo o treinamento na ponta dos dedos.\u00a0<\/p>\n<p>\t\t\t\t\t\t\t\t\t\t\t\t\t\t\t<img decoding=\"async\" width=\"932\" height=\"1024\" src=\"https:\/\/superevolucao.com\/score\/wp-content\/uploads\/2022\/03\/Mapa-Mental-Design-2-Aumente-Seu-Score-1-932x1024.png\" alt=\"\" loading=\"lazy\" srcset=\"https:\/\/superevolucao.com\/score\/wp-content\/uploads\/2022\/03\/Mapa-Mental-Design-2-Aumente-Seu-Score-1-932x1024.png 932w, https:\/\/superevolucao.com\/score\/wp-content\/uploads\/2022\/03\/Mapa-Mental-Design-2-Aumente-Seu-Score-1-273x300.png 273w, https:\/\/superevolucao.com\/score\/wp-content\/uploads\/2022\/03\/Mapa-Mental-Design-2-Aumente-Seu-Score-1-768x843.png 768w, https:\/\/superevolucao.com\/score\/wp-content\/uploads\/2022\/03\/Mapa-Mental-Design-2-Aumente-Seu-Score-1.png 1242w\" sizes=\"auto, (max-width: 932px) 100vw, 932px\" \/><br \/>\n\t\t\u00a0B\u00f4nus #2\u00a0Mapa Mental &#8211; Aumente Seu Score<\/p>\n<p>O mapa mental \u00e9 um esbo\u00e7o geral de todo o programa de treinamento. Com esta ferramenta pr\u00e1tica, voc\u00ea ter\u00e1 uma vis\u00e3o geral de tudo o que \u00e9 abordado no guia. Voc\u00ea tamb\u00e9m pode imprimi-lo para consultar como refer\u00eancia r\u00e1pida sempre que precisar.<\/p>\n<p>\t\t\t\t\t\t\t\t\t\t\t\t\t\t\t<img decoding=\"async\" width=\"932\" height=\"1024\" src=\"https:\/\/superevolucao.com\/score\/wp-content\/uploads\/2022\/03\/Capa-3D-932x1024.png\" alt=\"\" loading=\"lazy\" srcset=\"https:\/\/superevolucao.com\/score\/wp-content\/uploads\/2022\/03\/Capa-3D-932x1024.png 932w, https:\/\/superevolucao.com\/score\/wp-content\/uploads\/2022\/03\/Capa-3D-273x300.png 273w, https:\/\/superevolucao.com\/score\/wp-content\/uploads\/2022\/03\/Capa-3D-768x843.png 768w, https:\/\/superevolucao.com\/score\/wp-content\/uploads\/2022\/03\/Capa-3D.png 1242w\" sizes=\"auto, (max-width: 932px) 100vw, 932px\" \/><br \/>\n\t\t\u00a0B\u00f4nus #3\u00a0Os 5 Cart\u00f5es de Cr\u00e9dito Mais F\u00e1ceis de Aprovar<\/p>\n<p>Nesse b\u00f4nus, voc\u00ea vai descobrir tudo o que \u00e9 necess\u00e1rio para conseguir cart\u00f5es de cr\u00e9dito com facilidade e ainda, quais s\u00e3o as melhores op\u00e7\u00f5es do momento.<\/p>\n<p>\t\t\t\t\t\t\t\t\t\t\t\t\t\t\t<img decoding=\"async\" width=\"932\" height=\"1024\" src=\"https:\/\/superevolucao.com\/score\/wp-content\/uploads\/2022\/03\/Capa-3D-1-932x1024.png\" alt=\"\" loading=\"lazy\" srcset=\"https:\/\/superevolucao.com\/score\/wp-content\/uploads\/2022\/03\/Capa-3D-1-932x1024.png 932w, https:\/\/superevolucao.com\/score\/wp-content\/uploads\/2022\/03\/Capa-3D-1-273x300.png 273w, https:\/\/superevolucao.com\/score\/wp-content\/uploads\/2022\/03\/Capa-3D-1-768x843.png 768w, https:\/\/superevolucao.com\/score\/wp-content\/uploads\/2022\/03\/Capa-3D-1.png 1242w\" sizes=\"auto, (max-width: 932px) 100vw, 932px\" \/><br \/>\n\t\t\u00a0B\u00f4nus #4\u00a06 T\u00e9cnicas Para Financiar Um Ve\u00edculo Sem Usar Bancos<\/p>\n<p>Se voc\u00ea quer financiar o seu carro, moto ou outro bem, chegou a hora de conseguir isso. Nesse b\u00f4nus voc\u00ea vai conhecer os melhores caminhos para conquistar o seu sonho, mesmo que o seu score esteja lhe atrapalhando.<\/p>\n<p>\u00a0<br \/>\n\t\t\t\t\t\t\t\t\t\t\t\t\t\t\t<img decoding=\"async\" width=\"932\" height=\"1024\" src=\"https:\/\/superevolucao.com\/score\/wp-content\/uploads\/2022\/03\/Capa-3D-2-932x1024.png\" alt=\"\" loading=\"lazy\" srcset=\"https:\/\/superevolucao.com\/score\/wp-content\/uploads\/2022\/03\/Capa-3D-2-932x1024.png 932w, https:\/\/superevolucao.com\/score\/wp-content\/uploads\/2022\/03\/Capa-3D-2-273x300.png 273w, https:\/\/superevolucao.com\/score\/wp-content\/uploads\/2022\/03\/Capa-3D-2-768x843.png 768w, https:\/\/superevolucao.com\/score\/wp-content\/uploads\/2022\/03\/Capa-3D-2.png 1242w\" sizes=\"auto, (max-width: 932px) 100vw, 932px\" \/><br \/>\n\t\t\u00a0B\u00f4nus #5\u00a0Os 7 Elementos Que Mais Baixam o Seu Score<\/p>\n<p>\u00c9 bem prov\u00e1vel que voc\u00ea j\u00e1 saiba os itens que diminuem o seu score, por\u00e9m, neste b\u00f4nus o foco \u00e9 mostrar-lhe os elementos mais importantes que diminuem rapidamente o seu score e que, consequentemente, prejudicam o seu CPF<\/p>\n<p>\u00a0<br \/>\n\t\t\t\t\t\t\t\t\t\t\t\t\t\t\t<img decoding=\"async\" width=\"932\" height=\"1024\" src=\"https:\/\/superevolucao.com\/score\/wp-content\/uploads\/2022\/03\/Capa-3D-3-932x1024.png\" alt=\"\" loading=\"lazy\" srcset=\"https:\/\/superevolucao.com\/score\/wp-content\/uploads\/2022\/03\/Capa-3D-3-932x1024.png 932w, https:\/\/superevolucao.com\/score\/wp-content\/uploads\/2022\/03\/Capa-3D-3-273x300.png 273w, https:\/\/superevolucao.com\/score\/wp-content\/uploads\/2022\/03\/Capa-3D-3-768x843.png 768w, https:\/\/superevolucao.com\/score\/wp-content\/uploads\/2022\/03\/Capa-3D-3.png 1242w\" sizes=\"auto, (max-width: 932px) 100vw, 932px\" \/><br \/>\n\t\t\u00a0B\u00f4nus #6\u00a0O Guia Passo a Passo Para Refinanciar Suas D\u00edvidas Sem Pagar Juros<\/p>\n<p>Renegociar as suas d\u00edvidas \u00e9 parte primordial de seu sucesso com o score alto.<br \/>Neste b\u00f4nus o nosso principal foco ser\u00e1 fazer voc\u00ea sair do vermelho.<\/p>\n<p>\u00a0CONFIRA O QUE NOSSOS CLIENTES EST\u00c3O DIZENDO:\u00a0<br \/>\n\t\t\t\t\t\t\t\t\t\t\t\t\t\t\t<img decoding=\"async\" width=\"360\" height=\"750\" src=\"https:\/\/superevolucao.com\/score\/wp-content\/uploads\/2022\/03\/whatsapp_chat.png\" alt=\"\" loading=\"lazy\" srcset=\"https:\/\/superevolucao.com\/score\/wp-content\/uploads\/2022\/03\/whatsapp_chat.png 360w, https:\/\/superevolucao.com\/score\/wp-content\/uploads\/2022\/03\/whatsapp_chat-144x300.png 144w\" sizes=\"auto, (max-width: 360px) 100vw, 360px\" \/><br \/>\n\t\t\t\t\t\t\t\t\t\t\t\t\t\t\t<img decoding=\"async\" width=\"360\" height=\"805\" src=\"https:\/\/superevolucao.com\/score\/wp-content\/uploads\/2022\/03\/whatsapp_chat1.png\" alt=\"\" loading=\"lazy\" srcset=\"https:\/\/superevolucao.com\/score\/wp-content\/uploads\/2022\/03\/whatsapp_chat1.png 360w, https:\/\/superevolucao.com\/score\/wp-content\/uploads\/2022\/03\/whatsapp_chat1-134x300.png 134w\" sizes=\"auto, (max-width: 360px) 100vw, 360px\" \/><br \/>\n\t\t\t\t\t\t\t\t\t\t\t\t\t\t\t<img decoding=\"async\" width=\"360\" height=\"730\" src=\"https:\/\/superevolucao.com\/score\/wp-content\/uploads\/2022\/03\/whatsapp_chat3s.png\" alt=\"\" loading=\"lazy\" srcset=\"https:\/\/superevolucao.com\/score\/wp-content\/uploads\/2022\/03\/whatsapp_chat3s.png 360w, https:\/\/superevolucao.com\/score\/wp-content\/uploads\/2022\/03\/whatsapp_chat3s-148x300.png 148w\" sizes=\"auto, (max-width: 360px) 100vw, 360px\" \/><br \/>\n\t\tPromo\u00e7\u00e3o por tempo limitado!\u00a0VOC\u00ca RECEBE TUDO ISSO SE ADQUIRIR AGORA:\u00a0<br \/>\n\t\t\t\t\t\t\t\t\t\t\t\t\t\t\t<img decoding=\"async\" width=\"1024\" height=\"790\" src=\"https:\/\/superevolucao.com\/score\/wp-content\/uploads\/2022\/03\/Bonus-Pack-1024x790.png\" alt=\"\" loading=\"lazy\" srcset=\"https:\/\/superevolucao.com\/score\/wp-content\/uploads\/2022\/03\/Bonus-Pack-1024x790.png 1024w, https:\/\/superevolucao.com\/score\/wp-content\/uploads\/2022\/03\/Bonus-Pack-300x231.png 300w, https:\/\/superevolucao.com\/score\/wp-content\/uploads\/2022\/03\/Bonus-Pack-768x592.png 768w, https:\/\/superevolucao.com\/score\/wp-content\/uploads\/2022\/03\/Bonus-Pack-1536x1185.png 1536w, https:\/\/superevolucao.com\/score\/wp-content\/uploads\/2022\/03\/Bonus-Pack.png 1566w\" sizes=\"auto, (max-width: 1024px) 100vw, 1024px\" \/><br \/>\n\t\t\u00a0OFERTA ESPECIAL:\u00a0deR$ 147,99por apenas R$<\/p>\n<p>47<\/p>\n<p>,99<\/p>\n<p>\t\t\t<a href=\"https:\/\/go.perfectpay.com.br\/PPU38CKPC7E\"><br \/>\n\t\t\t\t\t\tOBTER ACESSO IMEDIATO<br \/>\n\t\t\t\t\t<\/a><br \/>\n\t\t\t\t\t\t\t\t\t\t\t\t\t\t\t<img decoding=\"async\" width=\"1024\" height=\"94\" src=\"https:\/\/superevolucao.com\/score\/wp-content\/uploads\/2022\/03\/Compra-Segura-1024x94.png\" alt=\"\" loading=\"lazy\" srcset=\"https:\/\/superevolucao.com\/score\/wp-content\/uploads\/2022\/03\/Compra-Segura-1024x94.png 1024w, https:\/\/superevolucao.com\/score\/wp-content\/uploads\/2022\/03\/Compra-Segura-300x28.png 300w, https:\/\/superevolucao.com\/score\/wp-content\/uploads\/2022\/03\/Compra-Segura-768x71.png 768w, https:\/\/superevolucao.com\/score\/wp-content\/uploads\/2022\/03\/Compra-Segura.png 1099w\" sizes=\"auto, (max-width: 1024px) 100vw, 1024px\" \/>\t\t\t\t\t\t\t\t\t\t\t\t\t\t\t<\/p>\n<p>D\u00daVIDAS\u00a0FREQUENTES<\/p>\n<style>\/*! elementor - v3.14.0 - 26-06-2023 *\/\n.elementor-accordion{text-align:left}.elementor-accordion .elementor-accordion-item{border:1px solid #d5d8dc}.elementor-accordion .elementor-accordion-item+.elementor-accordion-item{border-top:none}.elementor-accordion .elementor-tab-title{margin:0;padding:15px 20px;font-weight:700;line-height:1;cursor:pointer;outline:none}.elementor-accordion .elementor-tab-title .elementor-accordion-icon{display:inline-block;width:1.5em}.elementor-accordion .elementor-tab-title .elementor-accordion-icon svg{width:1em;height:1em}.elementor-accordion .elementor-tab-title .elementor-accordion-icon.elementor-accordion-icon-right{float:right;text-align:right}.elementor-accordion .elementor-tab-title .elementor-accordion-icon.elementor-accordion-icon-left{float:left;text-align:left}.elementor-accordion .elementor-tab-title .elementor-accordion-icon .elementor-accordion-icon-closed{display:block}.elementor-accordion .elementor-tab-title .elementor-accordion-icon .elementor-accordion-icon-opened,.elementor-accordion .elementor-tab-title.elementor-active .elementor-accordion-icon-closed{display:none}.elementor-accordion .elementor-tab-title.elementor-active .elementor-accordion-icon-opened{display:block}.elementor-accordion .elementor-tab-content{display:none;padding:15px 20px;border-top:1px solid #d5d8dc}@media (max-width:767px){.elementor-accordion .elementor-tab-title{padding:12px 15px}.elementor-accordion .elementor-tab-title .elementor-accordion-icon{width:1.2em}.elementor-accordion .elementor-tab-content{padding:7px 15px}}.e-con-inner>.elementor-widget-accordion,.e-con>.elementor-widget-accordion{width:var(--container-widget-width);--flex-grow:var(--container-widget-flex-grow)}<\/style>\n<p>\t\t\t\t\t\t\t\t\t\t\t\t<a tabindex=\"0\">O que \u00e9 isso tudo?<\/a><\/p>\n<p>Um conte\u00fado completo que vai te ensinar sobre o funcionamento do sistema de pontua\u00e7\u00e3o do consumidor, quais os crit\u00e9rios que os bancos utilizam e os segredos que eles n\u00e3o querem que as pessoas saibam, al\u00e9m de instruir quais os melhores bancos para determinados empr\u00e9stimos, cr\u00e9ditos ou financiamento, como aumentar da forma correta e eficiente seu Score e como conseguir cr\u00e9dito mesmo com ele baixo.<\/p>\n<p>\t\t\t\t\t\t\t\t\t\t\t\t<a tabindex=\"0\">Como eu vou receber esse guia?<\/a><\/p>\n<p>Voc\u00ea ter\u00e1 acesso instant\u00e2neo a uma vers\u00e3o em PDF deste guia, juntamente com links de download para os b\u00f4nus. O acesso \u00e9 imediato logo ap\u00f3s a confirma\u00e7\u00e3o do pagamento. Se pagar no Boleto pode levar at\u00e9 3 dias \u00fateis para a compensa\u00e7\u00e3o.<\/p>\n<p>\t\t\t\t\t\t\t\t\t\t\t\t<a tabindex=\"0\">Quanto tempo at\u00e9 come\u00e7ar a ver os resultados?<\/a><\/p>\n<p>Voc\u00ea pode come\u00e7ar a ver os resultados no aprendizado com extrema rapidez \u2026 Em alguns minutos ou horas depois de come\u00e7ar. Quanto mais voc\u00ea fizer disso parte de sua rotina di\u00e1ria, mais r\u00e1pido voc\u00ea vai obter os resultados que deseja.<\/p>\n<p>\t\t\t\t\t\t\t\t\t\t\t\t<a tabindex=\"0\">Existe uma garantia?<\/a><\/p>\n<p>Pode apostar que sim! Voc\u00ea tem 7 dias completos para ter certeza de que isso \u00e9 para voc\u00ea. Se por algum motivo voc\u00ea n\u00e3o estiver 100% satisfeito, basta me enviar um e-mail, e eu reembolsarei cada centavo do seu pequeno investimento.<\/p>\n<p>\t\t\t\t\t\t\t\t\t\t\t\t\t\t\t<img decoding=\"async\" width=\"426\" height=\"426\" src=\"https:\/\/superevolucao.com\/score\/wp-content\/uploads\/2022\/03\/7dias.png\" alt=\"\" loading=\"lazy\" srcset=\"https:\/\/superevolucao.com\/score\/wp-content\/uploads\/2022\/03\/7dias.png 426w, https:\/\/superevolucao.com\/score\/wp-content\/uploads\/2022\/03\/7dias-300x300.png 300w, https:\/\/superevolucao.com\/score\/wp-content\/uploads\/2022\/03\/7dias-150x150.png 150w\" sizes=\"auto, (max-width: 426px) 100vw, 426px\" \/>\t\t\t\t\t\t\t\t\t\t\t\t\t\t\t<\/p>\n<p>Satisfa\u00e7\u00e3o Garantida e Risco Zero!<\/p>\n<p>Eu acredito tanto que este e-book ir\u00e1 te gerar um \u00f3timo resultado que te ofere\u00e7o uma garantia de 7 dias para voc\u00ea experimentar o conte\u00fado. Se voc\u00ea n\u00e3o ficar satisfeito com o conte\u00fado ou se voc\u00ea se arrepender por qualquer outro motivo, basta me enviar um e-mail e eu devolvo 100% do seu dinheiro. Sem questionamentos e sem burocracia.<\/p>\n<p>\t\t\t\t\t\t\t\t\t\t\t\t\t\t\t<img decoding=\"async\" width=\"1024\" height=\"857\" src=\"https:\/\/superevolucao.com\/score\/wp-content\/uploads\/2022\/03\/Logo-1-sem-fundo-1024x857.png\" alt=\"\" loading=\"lazy\" srcset=\"https:\/\/superevolucao.com\/score\/wp-content\/uploads\/2022\/03\/Logo-1-sem-fundo-1024x857.png 1024w, https:\/\/superevolucao.com\/score\/wp-content\/uploads\/2022\/03\/Logo-1-sem-fundo-300x251.png 300w, https:\/\/superevolucao.com\/score\/wp-content\/uploads\/2022\/03\/Logo-1-sem-fundo-768x643.png 768w, https:\/\/superevolucao.com\/score\/wp-content\/uploads\/2022\/03\/Logo-1-sem-fundo.png 1500w\" sizes=\"auto, (max-width: 1024px) 100vw, 1024px\" \/><br \/>\n\t\t\t<a href=\"https:\/\/superevolucao.com\/\"><br \/>\n\t\t\t\t\t\tVOLTAR E VER OUTROS CURSOS<br \/>\n\t\t\t\t\t<\/a><\/p>\n<p>Termos de Uso &#8211; Pol\u00edticas de Privacidade<\/p>\n<p>Este site n\u00e3o \u00e9 afiliado ao Facebook ou a qualquer entidade do Facebook. Depois que voc\u00ea sair do Facebook, a responsabilidade n\u00e3o \u00e9 deles e sim do nosso site. Fazemos todos os esfor\u00e7os para indicar claramente e mostrar todas as provas do produto e usamos resultados reais. N\u00f3s n\u00e3o vendemos o seu e-mail ou qualquer informa\u00e7\u00e3o para terceiros. Jamais fazemos nenhum tipo de spam. Se voc\u00ea tiver alguma d\u00favida, sinta-se \u00e0 vontade para usar o link de contato e falar conosco em hor\u00e1rio comercial de Segunda a Sextas das 09h00 \u00e1s 18h00. Lemos e respondemos todas as mensagens por ordem de chegada.<\/p>\n<p>Este produto n\u00e3o garante a obten\u00e7\u00e3o de resultados. Qualquer refer\u00eancia ao desempenho de uma estrat\u00e9gia n\u00e3o deve ser interpretada como uma garantia de resultados.<\/p>\n<p>Copyright Aumente Seu Score &#8211; Todos os direitos reservados<\/p>\n","protected":false},"excerpt":{"rendered":"<p>N\u00e3o existe atalho para aumentar seu Score! Conhe\u00e7a a verdadeira forma de &nbsp;Aumentar Seu Score &nbsp;e conseguir cr\u00e9dito em qualquer banco! https:\/\/www.youtube.com\/watch?v=x0wytx6uUxk Aten\u00e7\u00e3o: Certifique-se de ativar o som! OBTER ACESSO IMEDIATO \u00a0ATEN\u00c7\u00c3O: ESTA OFERTA SE ENCERRA EM ALGUNS MINUTOS!\u00a0 OBTER ACESSO IMEDIATO CONFIRA ABAIXO\u00a0 TUDO O QUE VOC\u00ca IR\u00c1 APRENDER:\u00a0 OBTER ACESSO IMEDIATO QUEM PRECISA [&hellip;]<\/p>\n","protected":false},"author":1,"featured_media":0,"parent":0,"menu_order":0,"comment_status":"closed","ping_status":"closed","template":"elementor_canvas","meta":{"footnotes":""},"class_list":["post-28","page","type-page","status-publish","hentry","entry"],"_links":{"self":[{"href":"https:\/\/superevolucao.com\/score\/wp-json\/wp\/v2\/pages\/28","targetHints":{"allow":["GET"]}}],"collection":[{"href":"https:\/\/superevolucao.com\/score\/wp-json\/wp\/v2\/pages"}],"about":[{"href":"https:\/\/superevolucao.com\/score\/wp-json\/wp\/v2\/types\/page"}],"author":[{"embeddable":true,"href":"https:\/\/superevolucao.com\/score\/wp-json\/wp\/v2\/users\/1"}],"replies":[{"embeddable":true,"href":"https:\/\/superevolucao.com\/score\/wp-json\/wp\/v2\/comments?post=28"}],"version-history":[{"count":19,"href":"https:\/\/superevolucao.com\/score\/wp-json\/wp\/v2\/pages\/28\/revisions"}],"predecessor-version":[{"id":138,"href":"https:\/\/superevolucao.com\/score\/wp-json\/wp\/v2\/pages\/28\/revisions\/138"}],"wp:attachment":[{"href":"https:\/\/superevolucao.com\/score\/wp-json\/wp\/v2\/media?parent=28"}],"curies":[{"name":"wp","href":"https:\/\/api.w.org\/{rel}","templated":true}]}}