{"id":9,"date":"2023-08-02T13:41:26","date_gmt":"2023-08-02T13:41:26","guid":{"rendered":"https:\/\/superevolucao.com\/vencendoadepressao\/?page_id=9"},"modified":"2025-08-15T13:56:02","modified_gmt":"2025-08-15T13:56:02","slug":"home","status":"publish","type":"page","link":"https:\/\/superevolucao.com\/vencendoadepressao\/","title":{"rendered":"home"},"content":{"rendered":"<p><img loading=\"lazy\" decoding=\"async\" width=\"3172\" height=\"881\" src=\"https:\/\/superevolucao.com\/vencendoadepressao\/wp-content\/uploads\/2023\/08\/LOGO-VENCENDO-A-DEPRESSAO-copiar.png\" alt=\"\" srcset=\"https:\/\/superevolucao.com\/vencendoadepressao\/wp-content\/uploads\/2023\/08\/LOGO-VENCENDO-A-DEPRESSAO-copiar.png 3172w, https:\/\/superevolucao.com\/vencendoadepressao\/wp-content\/uploads\/2023\/08\/LOGO-VENCENDO-A-DEPRESSAO-copiar-300x83.png 300w, https:\/\/superevolucao.com\/vencendoadepressao\/wp-content\/uploads\/2023\/08\/LOGO-VENCENDO-A-DEPRESSAO-copiar-1024x284.png 1024w, https:\/\/superevolucao.com\/vencendoadepressao\/wp-content\/uploads\/2023\/08\/LOGO-VENCENDO-A-DEPRESSAO-copiar-768x213.png 768w, https:\/\/superevolucao.com\/vencendoadepressao\/wp-content\/uploads\/2023\/08\/LOGO-VENCENDO-A-DEPRESSAO-copiar-1536x427.png 1536w, https:\/\/superevolucao.com\/vencendoadepressao\/wp-content\/uploads\/2023\/08\/LOGO-VENCENDO-A-DEPRESSAO-copiar-2048x569.png 2048w\" sizes=\"auto, (max-width: 3172px) 100vw, 3172px\" \/>\t\t\t\t\t\t\t\t\t\t\t\t\t\t\t<\/p>\n<h2>Liberte-se da Escurid\u00e3o: Conquiste uma Vida Radiante sem Depress\u00e3o<\/h2>\n<h2>Desvende as t\u00e9cnicas poderosas e inspiradoras que ir\u00e3o ajud\u00e1-lo a derrotar a depress\u00e3o<\/h2>\n<p class=\"responsive-video-wrap clr\"><iframe loading=\"lazy\" title=\"Vencendo a depress\u00e3o\" width=\"1200\" height=\"675\" src=\"https:\/\/www.youtube.com\/embed\/i3xOpCt55Do?feature=oembed\" frameborder=\"0\" allow=\"accelerometer; autoplay; clipboard-write; encrypted-media; gyroscope; picture-in-picture; web-share\" referrerpolicy=\"strict-origin-when-cross-origin\" allowfullscreen><\/iframe><\/p>\n<p>\t\t\t\t\t<a href=\"https:\/\/pay.kiwify.com.br\/0dHdOlF\"><br \/>\n\t\t\t\t\t\t\t\t\tCOMPRAR AGORA O GUIA<br \/>\n\t\t\t\t\t<\/a><br \/>\n\t\t\t\t\t\t\t\t\t\t\t\t\t\t\t<img loading=\"lazy\" decoding=\"async\" width=\"1080\" height=\"1080\" src=\"https:\/\/superevolucao.com\/vencendoadepressao\/wp-content\/uploads\/2023\/08\/BOX-DEPRE.webp\" alt=\"\" srcset=\"https:\/\/superevolucao.com\/vencendoadepressao\/wp-content\/uploads\/2023\/08\/BOX-DEPRE.webp 1080w, https:\/\/superevolucao.com\/vencendoadepressao\/wp-content\/uploads\/2023\/08\/BOX-DEPRE-300x300.webp 300w, https:\/\/superevolucao.com\/vencendoadepressao\/wp-content\/uploads\/2023\/08\/BOX-DEPRE-1024x1024.webp 1024w, https:\/\/superevolucao.com\/vencendoadepressao\/wp-content\/uploads\/2023\/08\/BOX-DEPRE-150x150.webp 150w, https:\/\/superevolucao.com\/vencendoadepressao\/wp-content\/uploads\/2023\/08\/BOX-DEPRE-768x768.webp 768w, https:\/\/superevolucao.com\/vencendoadepressao\/wp-content\/uploads\/2023\/08\/BOX-DEPRE-600x600.webp 600w\" sizes=\"auto, (max-width: 1080px) 100vw, 1080px\" \/><br \/>\n\t\t\t\t\tO QUE VOC\u00ca VAI APRENDER\t\t\t\t<\/p>\n<p>&nbsp;Neste guia abrangente, exploraremos os aspectos da depress\u00e3o, suas causas e sintomas, al\u00e9m de fornecer ferramentas e estrat\u00e9gias para superar essa condi\u00e7\u00e3o. Se voc\u00ea est\u00e1 lutando contra a depress\u00e3o ou conhece algu\u00e9m que esteja passando por isso, este livro \u00e9 um ponto de partida para recuperar o controle e encontrar um caminho para uma vida plena e satisfat\u00f3ria.<\/p>\n<ul>\n<li>\n\t\t\t\t\t\t\t\t\t\tCap\u00edtulo 1: Compreendendo a depress\u00e3o\n\t\t\t\t\t\t\t\t\t<\/li>\n<li>\n\t\t\t\t\t\t\t\t\t\tCap\u00edtulo 2: Sinais e sintomas da depress\u00e3o\n\t\t\t\t\t\t\t\t\t<\/li>\n<li>\n\t\t\t\t\t\t\t\t\t\tCap\u00edtulo 3: Buscando ajuda profissional\n\t\t\t\t\t\t\t\t\t<\/li>\n<li>\n\t\t\t\t\t\t\t\t\t\tCap\u00edtulo 4: Autoconhecimento e autocuidado\n\t\t\t\t\t\t\t\t\t<\/li>\n<li>\n\t\t\t\t\t\t\t\t\t\tCap\u00edtulo 5: Alimenta\u00e7\u00e3o e estilo de vida saud\u00e1veis\n\t\t\t\t\t\t\t\t\t<\/li>\n<li>\n\t\t\t\t\t\t\t\t\t\tCap\u00edtulo 6: Terapia cognitivo-comportamental (TCC)\n\t\t\t\t\t\t\t\t\t<\/li>\n<li>\n\t\t\t\t\t\t\t\t\t\tCap\u00edtulo 7: Pr\u00e1ticas de mindfulness e medita\u00e7\u00e3o\n\t\t\t\t\t\t\t\t\t<\/li>\n<li>\n\t\t\t\t\t\t\t\t\t\tCap\u00edtulo 8: Construindo relacionamentos saud\u00e1veis\n\t\t\t\t\t\t\t\t\t<\/li>\n<li>\n\t\t\t\t\t\t\t\t\t\tCap\u00edtulo 9: Encontrando significado e prop\u00f3sito\n\t\t\t\t\t\t\t\t\t<\/li>\n<li>\n\t\t\t\t\t\t\t\t\t\tCap\u00edtulo 10: Manuten\u00e7\u00e3o e preven\u00e7\u00e3o de reca\u00eddas\n\t\t\t\t\t\t\t\t\t<\/li>\n<\/ul>\n<p>\t\t\t\t\t\t\t\t\t\t\t\t\t\t\t<img loading=\"lazy\" decoding=\"async\" width=\"1079\" height=\"255\" src=\"https:\/\/superevolucao.com\/vencendoadepressao\/wp-content\/uploads\/2023\/08\/DEPO-DEPRE-TXT.png\" alt=\"\" srcset=\"https:\/\/superevolucao.com\/vencendoadepressao\/wp-content\/uploads\/2023\/08\/DEPO-DEPRE-TXT.png 1079w, https:\/\/superevolucao.com\/vencendoadepressao\/wp-content\/uploads\/2023\/08\/DEPO-DEPRE-TXT-300x71.png 300w, https:\/\/superevolucao.com\/vencendoadepressao\/wp-content\/uploads\/2023\/08\/DEPO-DEPRE-TXT-1024x242.png 1024w, https:\/\/superevolucao.com\/vencendoadepressao\/wp-content\/uploads\/2023\/08\/DEPO-DEPRE-TXT-768x182.png 768w\" sizes=\"auto, (max-width: 1079px) 100vw, 1079px\" \/>\t\t\t\t\t\t\t\t\t\t\t\t\t\t\t<\/p>\n<h1>CONFIRA OS DEPOIMENTOS DE NOSSOS CLIENTES<\/h1>\n<p style=\"text-align: center;\">Confira em primeira m\u00e3o o que nossos alunos e clientes est\u00e3o falando sobre o nosso curso e nossos m\u00e9todos!<\/p>\n<figure><img decoding=\"async\" src=\"https:\/\/superevolucao.com\/vencendoadepressao\/wp-content\/uploads\/2023\/08\/de3.webp\" alt=\"de3.webp\" \/><\/figure>\n<figure><img decoding=\"async\" src=\"https:\/\/superevolucao.com\/vencendoadepressao\/wp-content\/uploads\/2023\/08\/dep-1.webp\" alt=\"dep-1.webp\" \/><\/figure>\n<figure><img decoding=\"async\" src=\"https:\/\/superevolucao.com\/vencendoadepressao\/wp-content\/uploads\/2023\/08\/dep2.webp\" alt=\"dep2.webp\" \/><\/figure>\n<figure><img decoding=\"async\" src=\"https:\/\/superevolucao.com\/vencendoadepressao\/wp-content\/uploads\/2023\/08\/download.webp\" alt=\"download.webp\" \/><\/figure>\n<p>\t\t\t\t\t\t\t\t\t\t\t\t\t\t\t<img loading=\"lazy\" decoding=\"async\" width=\"3172\" height=\"881\" src=\"https:\/\/superevolucao.com\/vencendoadepressao\/wp-content\/uploads\/2023\/08\/LOGO-VENCENDO-A-DEPRESSAO-copiar.png\" alt=\"\" srcset=\"https:\/\/superevolucao.com\/vencendoadepressao\/wp-content\/uploads\/2023\/08\/LOGO-VENCENDO-A-DEPRESSAO-copiar.png 3172w, https:\/\/superevolucao.com\/vencendoadepressao\/wp-content\/uploads\/2023\/08\/LOGO-VENCENDO-A-DEPRESSAO-copiar-300x83.png 300w, https:\/\/superevolucao.com\/vencendoadepressao\/wp-content\/uploads\/2023\/08\/LOGO-VENCENDO-A-DEPRESSAO-copiar-1024x284.png 1024w, https:\/\/superevolucao.com\/vencendoadepressao\/wp-content\/uploads\/2023\/08\/LOGO-VENCENDO-A-DEPRESSAO-copiar-768x213.png 768w, https:\/\/superevolucao.com\/vencendoadepressao\/wp-content\/uploads\/2023\/08\/LOGO-VENCENDO-A-DEPRESSAO-copiar-1536x427.png 1536w, https:\/\/superevolucao.com\/vencendoadepressao\/wp-content\/uploads\/2023\/08\/LOGO-VENCENDO-A-DEPRESSAO-copiar-2048x569.png 2048w\" sizes=\"auto, (max-width: 3172px) 100vw, 3172px\" \/>\t\t\t\t\t\t\t\t\t\t\t\t\t\t\t<\/p>\n<h2>OFERTA ESPECIAL<\/h2>\n<p>\t\t\u00a0PROMO\u00c7\u00c3O ENCERRA EM POUCOS MINUTOS<br \/>\n\t\t\t Minutos Segundos\t\t<\/p>\n<p style=\"text-align: center;\"><b>DE R$199,90 POR APENAS<\/b><\/p>\n<p>\t\t\t\t\tR$ 27.00<br \/>\n\t\t\t\t\t<a href=\"https:\/\/pay.kiwify.com.br\/0dHdOlF\"><br \/>\n\t\t\t\t\t\t\t\t\tCOMPRAR AGORA O MEU CURSO<br \/>\n\t\t\t\t\t<\/a><br \/>\n\t\t\t\t\t\t\t\t\t\t\t\t\t\t\t<img loading=\"lazy\" decoding=\"async\" width=\"541\" height=\"566\" src=\"https:\/\/superevolucao.com\/vencendoadepressao\/wp-content\/uploads\/2023\/08\/7-DIAS-DEPRE.png\" alt=\"\" srcset=\"https:\/\/superevolucao.com\/vencendoadepressao\/wp-content\/uploads\/2023\/08\/7-DIAS-DEPRE.png 541w, https:\/\/superevolucao.com\/vencendoadepressao\/wp-content\/uploads\/2023\/08\/7-DIAS-DEPRE-287x300.png 287w\" sizes=\"auto, (max-width: 541px) 100vw, 541px\" \/>\t\t\t\t\t\t\t\t\t\t\t\t\t\t\t<\/p>\n<h2>VOC\u00ca EST\u00c1 SEGURO, FIQUE TRANQUILO!<\/h2>\n<p style=\"text-align: left;\"><strong>O c\u00f3digo de defesa consumidor (Art. 49) garante 7 dias para solicitar reembolso em caso de insatisfa\u00e7\u00e3o com o produto.\u00a0<\/strong>\u00a0E se por QUALQUER RAZ\u00c3O voc\u00ea entender que este treinamento n\u00e3o \u00e9 para voc\u00ea, basta me avisar e que te devolvo cada centavo que voc\u00ea investiu, sem qualquer questionamento.<\/p>\n<h2>D\u00daVIDAS FREQUENTES<\/h2>\n<p>\t\t\t\t\t\t\t\t\t\t\t\t<a tabindex=\"0\">O que \u00e9 isso tudo?<\/a><\/p>\n<p>Um conte\u00fado completo que\u00a0 vai ajudar voc\u00ea se libertar da depress\u00e3o<\/p>\n<p>\t\t\t\t\t\t\t\t\t\t\t\t<a tabindex=\"0\">Como eu vou receber esse guia?<\/a><\/p>\n<p>O acesso \u00e9 imediato logo ap\u00f3s a confirma\u00e7\u00e3o do pagamento. Se pagar no Boleto pode levar at\u00e9 3 dias \u00fateis para a compensa\u00e7\u00e3o.<\/p>\n<p>\t\t\t\t\t\t\t\t\t\t\t\t<a tabindex=\"0\">Em quanto tempo vou ter resultados com o que vou aprender nesse programa?<\/a><br \/>\nVoc\u00ea pode come\u00e7ar a ver os resultados no aprendizado com extrema rapidez \u2026 Em alguns dias depois de come\u00e7ar. Quanto mais voc\u00ea fizer disso parte de sua rotina di\u00e1ria, mais r\u00e1pido voc\u00ea vai obter os resultados que deseja.<br \/>\n\t\t\t\t\t\t\t\t\t\t\t\t<a tabindex=\"0\">E se eu n\u00e3o tiver tempo para estudar?<\/a><\/p>\n<p>Al\u00e9m de voc\u00ea poder acessar de qualquer lugar e tamb\u00e9m pelo celular seu acesso \u00e9 VITALICIO.<\/p>\n<p>\t\t\t\t\t\t\t\t\t\t\t\t<a tabindex=\"0\">Existe alguma garantia que o programa funciona?<\/a><\/p>\n<p>Voc\u00ea tem 7 dias para testar nosso curso.<\/p>\n<p>Caso n\u00e3o goste , devolvemos seu dinheiro.<\/p>\n<p>\t\t\t\t\t\t\t\t\t\t\t\t\t\t\t<img loading=\"lazy\" decoding=\"async\" width=\"3172\" height=\"881\" src=\"https:\/\/superevolucao.com\/vencendoadepressao\/wp-content\/uploads\/2023\/08\/LOGO-VENCENDO-A-DEPRESSAO-copiar.png\" alt=\"\" srcset=\"https:\/\/superevolucao.com\/vencendoadepressao\/wp-content\/uploads\/2023\/08\/LOGO-VENCENDO-A-DEPRESSAO-copiar.png 3172w, https:\/\/superevolucao.com\/vencendoadepressao\/wp-content\/uploads\/2023\/08\/LOGO-VENCENDO-A-DEPRESSAO-copiar-300x83.png 300w, https:\/\/superevolucao.com\/vencendoadepressao\/wp-content\/uploads\/2023\/08\/LOGO-VENCENDO-A-DEPRESSAO-copiar-1024x284.png 1024w, https:\/\/superevolucao.com\/vencendoadepressao\/wp-content\/uploads\/2023\/08\/LOGO-VENCENDO-A-DEPRESSAO-copiar-768x213.png 768w, https:\/\/superevolucao.com\/vencendoadepressao\/wp-content\/uploads\/2023\/08\/LOGO-VENCENDO-A-DEPRESSAO-copiar-1536x427.png 1536w, https:\/\/superevolucao.com\/vencendoadepressao\/wp-content\/uploads\/2023\/08\/LOGO-VENCENDO-A-DEPRESSAO-copiar-2048x569.png 2048w\" sizes=\"auto, (max-width: 3172px) 100vw, 3172px\" \/>\t\t\t\t\t\t\t\t\t\t\t\t\t\t\t<\/p>\n<p><strong>Termos de Uso \u2013 Pol\u00edticas de Privacidade\u00a0<\/strong><\/p>\n<p>Este produto n\u00e3o garante a obten\u00e7\u00e3o de resultados. Qualquer refer\u00eancia ao desempenho de uma estrat\u00e9gia n\u00e3o deve ser interpretada como uma garantia de resultados. Para garantir que as estrat\u00e9gias tragam resultados, \u00e9 necess\u00e1rio aplicar todos os ensinamentos conforme o recomendado. Os resultados podem variar e dependem unicamente de cada pessoa em colocar em pr\u00e1tica as estrat\u00e9gias aprendidas. Lembre-se que cada um tem sua individualidade, experi\u00eancia e rotinas, n\u00e3o compare seu resultado com o de outros e siga dando o seu melhor todos os dias. A chave para ter resultados e sucesso \u00e9 a consist\u00eancia.\u00a0<\/p>\n<p><strong>VENCENDO A DEPRESS\u00c3O- Todos os direitos reservados 2023<\/strong><\/p>\n<p><strong>SUPER EVOLU\u00c7\u00c3O CURSOS<\/strong><\/p>\n<p><strong>QUE JESUS TE ABEN\u00c7OE<\/strong><\/p>\n","protected":false},"excerpt":{"rendered":"<p>Liberte-se da Escurid\u00e3o: Conquiste uma Vida Radiante sem Depress\u00e3o Desvende as t\u00e9cnicas poderosas e inspiradoras que ir\u00e3o ajud\u00e1-lo a derrotar a depress\u00e3o COMPRAR AGORA O GUIA O QUE VOC\u00ca VAI APRENDER &nbsp;Neste guia abrangente, exploraremos os aspectos da depress\u00e3o, suas causas e sintomas, al\u00e9m de fornecer ferramentas e estrat\u00e9gias para superar essa condi\u00e7\u00e3o. Se voc\u00ea [&hellip;]<\/p>\n","protected":false},"author":1,"featured_media":0,"parent":0,"menu_order":0,"comment_status":"closed","ping_status":"closed","template":"elementor_canvas","meta":{"footnotes":""},"class_list":["post-9","page","type-page","status-publish","hentry","entry"],"_links":{"self":[{"href":"https:\/\/superevolucao.com\/vencendoadepressao\/wp-json\/wp\/v2\/pages\/9","targetHints":{"allow":["GET"]}}],"collection":[{"href":"https:\/\/superevolucao.com\/vencendoadepressao\/wp-json\/wp\/v2\/pages"}],"about":[{"href":"https:\/\/superevolucao.com\/vencendoadepressao\/wp-json\/wp\/v2\/types\/page"}],"author":[{"embeddable":true,"href":"https:\/\/superevolucao.com\/vencendoadepressao\/wp-json\/wp\/v2\/users\/1"}],"replies":[{"embeddable":true,"href":"https:\/\/superevolucao.com\/vencendoadepressao\/wp-json\/wp\/v2\/comments?post=9"}],"version-history":[{"count":19,"href":"https:\/\/superevolucao.com\/vencendoadepressao\/wp-json\/wp\/v2\/pages\/9\/revisions"}],"predecessor-version":[{"id":48,"href":"https:\/\/superevolucao.com\/vencendoadepressao\/wp-json\/wp\/v2\/pages\/9\/revisions\/48"}],"wp:attachment":[{"href":"https:\/\/superevolucao.com\/vencendoadepressao\/wp-json\/wp\/v2\/media?parent=9"}],"curies":[{"name":"wp","href":"https:\/\/api.w.org\/{rel}","templated":true}]}}